{"id":75,"date":"2017-09-18T10:19:04","date_gmt":"2017-09-18T08:19:04","guid":{"rendered":"http:\/\/www.emmedatasas.eu\/wp\/?page_id=75"},"modified":"2018-06-19T10:53:21","modified_gmt":"2018-06-19T08:53:21","slug":"il-seminario","status":"publish","type":"page","link":"https:\/\/progetti.diocesidicomo.it\/santabbondio\/il-seminario\/","title":{"rendered":"il seminario"},"content":{"rendered":"<p>Nel 1834 gli edifici che avevano ospitato il <a href=\"http:\/\/progetti.diocesidicomo.it\/santabbondio\/wp\/il-monastero\/\">monastero di Sant\u2019Abbondio<\/a>, venduti ad alcuni privati dopo la soppressione del 1798, furono acquistati dal vescovo Carlo Roman\u00f2 per trasferirvi il Seminario ginnasiale e liceale provvisoriamente aperto nella canonica di Sant\u2019Agostino. I lavori per la realizzazione del nuovo istituto cominciarono subito sotto la direzione dell\u2019architetto Giuseppe Tazzini, che su commissione del Roman\u00f2 aveva gi\u00e0 lavorato presso il palazzo vescovile di Como, e interessarono l\u2019antico complesso monastico. Indagini recenti hanno evidenziato che la sede del nuovo istituto inglob\u00f2 ampie parti delle costruzioni preesistenti: il Tazzini intervenne sul chiostro cinquecentesco sostituendo gli elementi pi\u00f9 degradati e completando la struttura quadrilatera con i lati verso nord e verso ovest. Nell\u2019ottobre 1835 il nucleo centrale dell\u2019edificio era ultimato ma i lavori si conclusero nel 1841 con la pavimentazione dell\u2019oratorio dei chierici. Al piano terreno del Seminario si trovavano il refettorio, la cucina, una stanza ad uso forno, alcune aule scolastiche; al primo piano scuole, stanze ed aule; l\u2019ultimo piano ospitava i dormitori. Negli anni Ottanta il complesso fu ampliato lungo la via Regina con la costruzione di una nuova ala \u2013 la cosiddetta \u201cmanica lunga\u201d \u2013 progettata dall\u2019ingegnere Luigi Orsenigo per ospitare le camerate dei seminaristi e altre stanze necessarie al collegio. L\u2019attivit\u00e0 del Seminario minore prese avvio nell\u2019ottobre 1835 sotto la guida del suo primo rettore, don Domenico Ceresola, e si concluse nel 1965, in vista del trasferimento dell\u2019istituto a Muggi\u00f2; il corpo insegnante annover\u00f2 personalit\u00e0 prestigiose come <a href=\"http:\/\/progetti.diocesidicomo.it\/santabbondio\/wp\/i-restauri-di-serafino-balestra\/\">Serafino Balestra<\/a>, autore di un importante restauro della basilica, e il beato Gian Battista Scalabrini, mentre tra gli allievi deve essere ricordato almeno il beato Luigi Guanella.<br \/>\nCome accadeva frequentemente, in casi di particolare necessit\u00e0 anche il Seminario di Sant\u2019Abbondio fu destinato ad uso pubblico: nel 1859, durante la seconda guerra di indipendenza che vide la vittoria di Garibaldi a San Fermo, i suoi locali furono requisiti dal Municipio di Como per insediarvi un ospedale militare, mentre dal 1855 al 1865 e quindi ancora nel 1867 essi furono utilizzati come lazzaretto per i malati di colera.<\/p>\n<p><a href=\"http:\/\/progetti.diocesidicomo.it\/santabbondio\/wp\/bibliografia\/\">Per saperne di pi\u00f9\u2026 <\/a><\/p>\n<table width=\"100%\">\n<tbody>\n<tr>\n<td>\u00a0<a href=\"http:\/\/progetti.diocesidicomo.it\/santabbondio\/wp-content\/uploads\/2018\/04\/seminario.gif\"><img loading=\"lazy\" decoding=\"async\" class=\"aligncenter size-medium wp-image-262\" src=\"http:\/\/progetti.diocesidicomo.it\/santabbondio\/wp-content\/uploads\/2018\/04\/seminario-300x215.gif\" alt=\"\" width=\"400\" height=\"286\" \/><\/a><\/td>\n<\/tr>\n<tr>\n<td>Veduta panoramica del seminario<\/td>\n<\/tr>\n<\/tbody>\n<\/table>\n<p>&nbsp;<\/p>\n","protected":false},"excerpt":{"rendered":"<p>Nel 1834 gli edifici che avevano ospitato il monastero di Sant\u2019Abbondio, venduti ad alcuni privati dopo la soppressione del 1798, furono acquistati dal vescovo Carlo Roman\u00f2 per trasferirvi il Seminario ginnasiale e liceale provvisoriamente aperto nella canonica di Sant\u2019Agostino. I lavori per la realizzazione del nuovo istituto cominciarono subito sotto la direzione dell\u2019architetto Giuseppe Tazzini, &hellip; <a href=\"https:\/\/progetti.diocesidicomo.it\/santabbondio\/il-seminario\/\" class=\"more-link\">Continua la lettura di <span class=\"screen-reader-text\">il seminario<\/span> <span class=\"meta-nav\">&rarr;<\/span><\/a><\/p>\n","protected":false},"author":1,"featured_media":0,"parent":0,"menu_order":0,"comment_status":"closed","ping_status":"closed","template":"","meta":{"footnotes":""},"class_list":["post-75","page","type-page","status-publish","hentry"],"_links":{"self":[{"href":"https:\/\/progetti.diocesidicomo.it\/santabbondio\/wp-json\/wp\/v2\/pages\/75","targetHints":{"allow":["GET"]}}],"collection":[{"href":"https:\/\/progetti.diocesidicomo.it\/santabbondio\/wp-json\/wp\/v2\/pages"}],"about":[{"href":"https:\/\/progetti.diocesidicomo.it\/santabbondio\/wp-json\/wp\/v2\/types\/page"}],"author":[{"embeddable":true,"href":"https:\/\/progetti.diocesidicomo.it\/santabbondio\/wp-json\/wp\/v2\/users\/1"}],"replies":[{"embeddable":true,"href":"https:\/\/progetti.diocesidicomo.it\/santabbondio\/wp-json\/wp\/v2\/comments?post=75"}],"version-history":[{"count":9,"href":"https:\/\/progetti.diocesidicomo.it\/santabbondio\/wp-json\/wp\/v2\/pages\/75\/revisions"}],"predecessor-version":[{"id":1247,"href":"https:\/\/progetti.diocesidicomo.it\/santabbondio\/wp-json\/wp\/v2\/pages\/75\/revisions\/1247"}],"wp:attachment":[{"href":"https:\/\/progetti.diocesidicomo.it\/santabbondio\/wp-json\/wp\/v2\/media?parent=75"}],"curies":[{"name":"wp","href":"https:\/\/api.w.org\/{rel}","templated":true}]}}