{"id":103,"date":"2017-09-18T10:29:06","date_gmt":"2017-09-18T08:29:06","guid":{"rendered":"http:\/\/www.emmedatasas.eu\/wp\/?page_id=103"},"modified":"2018-08-03T14:18:20","modified_gmt":"2018-08-03T12:18:20","slug":"esterno","status":"publish","type":"page","link":"https:\/\/progetti.diocesidicomo.it\/santabbondio\/esterno\/","title":{"rendered":"Esterno"},"content":{"rendered":"<p>La basilica presenta una facciata essenziale, ripartita da lesene che rinviano alla divisione interna in cinque navate. Gli unici elementi decorativi sono costituiti dalle cornici di archetti e dal portale di ingresso, sormontato da un arco decorato a intreccio e con figure di colombe e impostato su capitelli zoomorfi. Come molti elementi della basilica, anche la facciata tradisce i numerosi interventi che ne modificarono l\u2019assetto: sono per lo pi\u00f9 dovuti al <i> <a href=\"http:\/\/progetti.diocesidicomo.it\/santabbondio\/wp\/i-restauri-di-serafino-balestra\/\">restauro ottocentesco<\/a><\/i> gli archetti che ne decorano la sommit\u00e0, ma anche le quattro paraste del comparto centrale furono ripristinate dal Baserga chiudendo la finestra centrale aperta nel corso del Cinquecento; nel corso dello stesso intervento inoltre furono aperte le due finestre gemine e quella sottostante, in corrispondenza della tribuna interna.<br \/>\nLe quattro semicolonne in basso quattro semicolonne addossate alle lesene costituiscono invece i resti dell\u2019atrio porticato costruito nel corso del <i> <a href=\"http:\/\/progetti.diocesidicomo.it\/santabbondio\/wp\/la-basilica-romanica\/\">Duecento<\/a><\/i> e demolito durante gli <em> <a href=\"http:\/\/progetti.diocesidicomo.it\/santabbondio\/wp\/la-basilica-cinque-seicentesca\/\">interventi cinquecenteschi<\/a><\/em>.<br \/>\nIl fianco meridionale della basilica \u2013 l\u2019unico visibile \u2013 \u00e8 scandito da monofore ed \u00e8 coronato dalla stessa decorazione ad archetti della facciata. Soprattutto la parete pi\u00f9 interna lascia intravvedere segni di una certa ricerca cromatica perseguita dai costruttori: l\u2019alternanza di blocchi di pietra di Moltrasio e di tufo provoca un effetto di bicromia, mentre il cotto colora gli archetti e la cornice di mezzo. Delle due torri, solo quella meridionale \u00e8 originale: resa slanciata dalla combinazione della doppia monofora sormontata da una trifora su ciascun lato, anch\u2019essa presenta una decorazione ad archetti e l\u2019uso \u201ccromatico\u201d di materiali diversi.<br \/>\nSul fianco del coro e sull\u2019abside una cornice sporgente divide orizzontalmente lo spazio, mentre leggere semicolonne e lesene delineano settori verticali, scanditi da finestre incorniciate con fregi scolpiti ad intreccio e con figure di animali.<\/p>\n<p><a href=\"http:\/\/progetti.diocesidicomo.it\/santabbondio\/wp\/bibliografia\/\">Per saperne di pi\u00f9\u2026<\/a><\/p>\n<table width=\"100%\">\n<tbody>\n<tr>\n<td style=\"width: 315px; text-align: center; vertical-align: bottom;\" rowspan=\"2\">\u00a0<img loading=\"lazy\" decoding=\"async\" class=\"alignnone size-medium\" src=\"\/immagini\/esterno01.jpg\" width=\"315\" height=\"422\" \/><\/td>\n<td style=\"width: 239px; text-align: center;\"><img loading=\"lazy\" decoding=\"async\" class=\"alignnone size-medium\" src=\"\/immagini\/esterno02.jpg\" width=\"239\" height=\"179\" \/><\/p>\n<p style=\"text-align: center;\">Decorazione del coro<br \/>\n\u00a9 Centro studi \u201cNicol\u00f2 Rusca\u201d &#8211; Ufficio inventariazione beni culturali<\/p>\n<\/td>\n<\/tr>\n<tr>\n<td style=\"text-align: center;\">\u00a0<img loading=\"lazy\" decoding=\"async\" class=\"alignnone size-medium\" src=\"\/immagini\/esterno03.jpg\" width=\"234\" height=\"170\" \/><\/td>\n<\/tr>\n<tr>\n<td style=\"text-align: center;\">Finestra dell\u2019abside<br \/>\n\u00a9 Centro studi \u201cNicol\u00f2 Rusca\u201d &#8211; Ufficio inventariazione beni culturali<\/td>\n<td style=\"text-align: center;\">Decorazione di finestra<br \/>\n\u00a9 Centro studi \u201cNicol\u00f2 Rusca\u201d &#8211;\u00a0 Ufficio inventariazione beni culturali<\/td>\n<\/tr>\n<\/tbody>\n<\/table>\n","protected":false},"excerpt":{"rendered":"<p>La basilica presenta una facciata essenziale, ripartita da lesene che rinviano alla divisione interna in cinque navate. Gli unici elementi decorativi sono costituiti dalle cornici di archetti e dal portale di ingresso, sormontato da un arco decorato a intreccio e con figure di colombe e impostato su capitelli zoomorfi. Come molti elementi della basilica, anche &hellip; <a href=\"https:\/\/progetti.diocesidicomo.it\/santabbondio\/esterno\/\" class=\"more-link\">Continua la lettura di <span class=\"screen-reader-text\">Esterno<\/span> <span class=\"meta-nav\">&rarr;<\/span><\/a><\/p>\n","protected":false},"author":1,"featured_media":0,"parent":0,"menu_order":0,"comment_status":"closed","ping_status":"closed","template":"","meta":{"footnotes":""},"class_list":["post-103","page","type-page","status-publish","hentry"],"_links":{"self":[{"href":"https:\/\/progetti.diocesidicomo.it\/santabbondio\/wp-json\/wp\/v2\/pages\/103","targetHints":{"allow":["GET"]}}],"collection":[{"href":"https:\/\/progetti.diocesidicomo.it\/santabbondio\/wp-json\/wp\/v2\/pages"}],"about":[{"href":"https:\/\/progetti.diocesidicomo.it\/santabbondio\/wp-json\/wp\/v2\/types\/page"}],"author":[{"embeddable":true,"href":"https:\/\/progetti.diocesidicomo.it\/santabbondio\/wp-json\/wp\/v2\/users\/1"}],"replies":[{"embeddable":true,"href":"https:\/\/progetti.diocesidicomo.it\/santabbondio\/wp-json\/wp\/v2\/comments?post=103"}],"version-history":[{"count":13,"href":"https:\/\/progetti.diocesidicomo.it\/santabbondio\/wp-json\/wp\/v2\/pages\/103\/revisions"}],"predecessor-version":[{"id":1398,"href":"https:\/\/progetti.diocesidicomo.it\/santabbondio\/wp-json\/wp\/v2\/pages\/103\/revisions\/1398"}],"wp:attachment":[{"href":"https:\/\/progetti.diocesidicomo.it\/santabbondio\/wp-json\/wp\/v2\/media?parent=103"}],"curies":[{"name":"wp","href":"https:\/\/api.w.org\/{rel}","templated":true}]}}